{"id":2,"date":"2019-02-27T17:37:06","date_gmt":"2019-02-27T16:37:06","guid":{"rendered":"https:\/\/portfolio.juliemouillac.fr\/?page_id=2"},"modified":"2024-01-01T17:42:40","modified_gmt":"2024-01-01T16:42:40","slug":"page-d-exemple-2","status":"publish","type":"page","link":"https:\/\/portfolio.juliemouillac.fr\/","title":{"rendered":""},"content":{"rendered":"\n<p class=\"has-drop-cap\">Bienvenue sur mon portfolio personnel ! <br>Curieux de savoir qui je suis ? Explorez les onglets et trouvez tout ce que vous recherchez \u00e0 propos de mes \u00e9tudes, de mon parcours professionnel, ainsi que de ma personnalit\u00e9, mes ambitions et ce dont je suis capable. <\/p>\n\n\n\n<p>Quand j&rsquo;\u00e9tais plus jeune, je r\u00eavais de devenir danseuse \u00e9toile. Aujourd&rsquo;hui, j&rsquo;ai l&rsquo;ambition de d\u00e9velopper mes comp\u00e9tences dans le marketing et la communication afin de pouvoir un jour en faire mon m\u00e9tier. <\/p>\n\n\n\n<p class=\"has-text-color\" style=\"color:#ffffff\">M&#8217;embaucher \u00e7a serait : \u00ab\u00a0un petit pas pour l&rsquo;Homme, un grand pas pour l&rsquo;humanit\u00e9\u00a0\u00bb !<\/p>\n\n\n\n<p>Je suis actuellement activement \u00e0 la recherche d&rsquo;un stage pour l&rsquo;\u00e9t\u00e9 2021, dans le cadre de ma formation. Il doit durer entre 2 et 3 mois, dans n&rsquo;importe quelle structure (entreprise, soci\u00e9t\u00e9, organisation, association &#8230;). <\/p>\n\n\n\n<p>Le monde commercial m\u2019a toujours attir\u00e9e car j\u2019aime particuli\u00e8rement avoir des responsabilit\u00e9s et entrer en contact avec les gens, raison pour laquelle je souhaite approfondir ma d\u00e9couverte de ce milieu aupr\u00e8s de vous. <\/p>\n\n\n\n<p class=\"has-text-color\" style=\"color:#ffffff\">J&rsquo;aime les cookies, n&rsquo;h\u00e9sitez pas \u00e0 m&rsquo;en envoyer !<\/p>\n\n\n\n<p>Bonne visite, et n&rsquo;oubliez pas : si vous avez quelques conseils, commentaires ou questions, faites le moi savoir ! Et n&rsquo;h\u00e9sitez pas \u00e0 partager, \u00e0 parler de mon profil autour de vous pour m&rsquo;aider dans cette recherche !<\/p>\n","protected":false},"excerpt":{"rendered":"<p>Bienvenue sur mon portfolio personnel ! Curieux de savoir qui je suis ? Explorez les onglets et trouvez tout ce que vous recherchez \u00e0 propos de mes \u00e9tudes, de mon parcours professionnel, ainsi que de ma personnalit\u00e9, mes ambitions et ce dont je suis capable. Quand j&rsquo;\u00e9tais plus jeune, je r\u00eavais de devenir danseuse \u00e9toile. [&hellip;]<\/p>\n","protected":false},"author":1,"featured_media":0,"parent":0,"menu_order":1,"comment_status":"closed","ping_status":"closed","template":"","meta":{"footnotes":""},"_links":{"self":[{"href":"https:\/\/portfolio.juliemouillac.fr\/index.php?rest_route=\/wp\/v2\/pages\/2"}],"collection":[{"href":"https:\/\/portfolio.juliemouillac.fr\/index.php?rest_route=\/wp\/v2\/pages"}],"about":[{"href":"https:\/\/portfolio.juliemouillac.fr\/index.php?rest_route=\/wp\/v2\/types\/page"}],"author":[{"embeddable":true,"href":"https:\/\/portfolio.juliemouillac.fr\/index.php?rest_route=\/wp\/v2\/users\/1"}],"replies":[{"embeddable":true,"href":"https:\/\/portfolio.juliemouillac.fr\/index.php?rest_route=%2Fwp%2Fv2%2Fcomments&post=2"}],"version-history":[{"count":25,"href":"https:\/\/portfolio.juliemouillac.fr\/index.php?rest_route=\/wp\/v2\/pages\/2\/revisions"}],"predecessor-version":[{"id":689,"href":"https:\/\/portfolio.juliemouillac.fr\/index.php?rest_route=\/wp\/v2\/pages\/2\/revisions\/689"}],"wp:attachment":[{"href":"https:\/\/portfolio.juliemouillac.fr\/index.php?rest_route=%2Fwp%2Fv2%2Fmedia&parent=2"}],"curies":[{"name":"wp","href":"https:\/\/api.w.org\/{rel}","templated":true}]}}