{"id":21,"date":"2019-02-28T14:10:53","date_gmt":"2019-02-28T13:10:53","guid":{"rendered":"http:\/\/portfolio.juliemouillac.fr\/?page_id=21"},"modified":"2021-04-14T09:43:11","modified_gmt":"2021-04-14T07:43:11","slug":"mes-competences","status":"publish","type":"page","link":"https:\/\/portfolio.juliemouillac.fr\/?page_id=21","title":{"rendered":"Mes comp\u00e9tences"},"content":{"rendered":"\n\n\t<h2>Les langues<\/h2>\n<p>Fran\u00e7ais : langue maternelle<\/p>\n<p>Anglais : courant (niveau professionnel, B2), score de 770 au TOEIC<\/p>\n<p>Italien : courant (niveau professionnel)<\/p>\n<p>Espagnol : d\u00e9butante, \u00e9tudi\u00e9e pendant 3 ans au lyc\u00e9e en option (LV3)<\/p>\n<hr \/>\n<h2>Bureautique<\/h2>\n<p>Word \/ WPSwriter : bonnes notions<\/p>\n<p>Power Point \/ WPSshow : bonnes notions<\/p>\n<p>Excel : notions<\/p>\n<p>Access : d\u00e9butante<\/p>\n<hr \/>\n<h2>\u00c9dition photo \/ vid\u00e9o<\/h2>\n<p>Paint.net : bonnes notions<\/p>\n<p>Canva : notions<\/p>\n<p>Photoshop : d\u00e9butante<\/p>\n<p>Figma : notions<\/p>\n<hr \/>\n<h2>Divers<\/h2>\n<p>WordPress : notions de publication<\/p>\n<p>Webex \/ Zoom \/ TeamViewer : usage quotidien<\/p>\n\n","protected":false},"excerpt":{"rendered":"<p>Les langues Fran\u00e7ais : langue maternelle Anglais : courant (niveau professionnel, B2), score de 770 au TOEIC Italien : courant (niveau professionnel) Espagnol : d\u00e9butante, \u00e9tudi\u00e9e pendant 3 ans au lyc\u00e9e en option (LV3) Bureautique Word \/ WPSwriter : bonnes notions Power Point \/ WPSshow : bonnes notions Excel : notions Access : d\u00e9butante \u00c9dition [&hellip;]<\/p>\n","protected":false},"author":1,"featured_media":0,"parent":0,"menu_order":0,"comment_status":"closed","ping_status":"closed","template":"","meta":{"footnotes":""},"_links":{"self":[{"href":"https:\/\/portfolio.juliemouillac.fr\/index.php?rest_route=\/wp\/v2\/pages\/21"}],"collection":[{"href":"https:\/\/portfolio.juliemouillac.fr\/index.php?rest_route=\/wp\/v2\/pages"}],"about":[{"href":"https:\/\/portfolio.juliemouillac.fr\/index.php?rest_route=\/wp\/v2\/types\/page"}],"author":[{"embeddable":true,"href":"https:\/\/portfolio.juliemouillac.fr\/index.php?rest_route=\/wp\/v2\/users\/1"}],"replies":[{"embeddable":true,"href":"https:\/\/portfolio.juliemouillac.fr\/index.php?rest_route=%2Fwp%2Fv2%2Fcomments&post=21"}],"version-history":[{"count":106,"href":"https:\/\/portfolio.juliemouillac.fr\/index.php?rest_route=\/wp\/v2\/pages\/21\/revisions"}],"predecessor-version":[{"id":664,"href":"https:\/\/portfolio.juliemouillac.fr\/index.php?rest_route=\/wp\/v2\/pages\/21\/revisions\/664"}],"wp:attachment":[{"href":"https:\/\/portfolio.juliemouillac.fr\/index.php?rest_route=%2Fwp%2Fv2%2Fmedia&parent=21"}],"curies":[{"name":"wp","href":"https:\/\/api.w.org\/{rel}","templated":true}]}}