{"id":26,"date":"2019-02-28T15:51:02","date_gmt":"2019-02-28T14:51:02","guid":{"rendered":"http:\/\/portfolio.juliemouillac.fr\/?page_id=26"},"modified":"2021-04-08T11:01:21","modified_gmt":"2021-04-08T09:01:21","slug":"mes-experiences","status":"publish","type":"page","link":"https:\/\/portfolio.juliemouillac.fr\/?page_id=26","title":{"rendered":"Mes exp\u00e9riences"},"content":{"rendered":"\n<p style=\"text-align:center\">Du haut de mes 20 ans, j&rsquo;ai accumul\u00e9 quelques petites exp\u00e9riences professionnelles, qui m&rsquo;ont toutes apport\u00e9 beaucoup de choses, diverses et vari\u00e9es.<\/p>\n\n\n\n<p style=\"color:#ffffff\" class=\"has-text-color\">Jeune mais productive !<\/p>\n\n\n\n<blockquote class=\"wp-block-quote\"><p><strong>Distributeur ind\u00e9pendant &#8211; ItWorks!<\/strong> De juillet 2019 \u00e0 juillet 2020<\/p><cite>Missions : <br>&#8211; Promotion et vente de produits de beaut\u00e9 \/ bien-\u00eatre via les r\u00e9seaux sociaux (Instagram, Facebook) et sur le terrain <br>&#8211; Conseil  <br>&#8211; Accompagnement des clients tout au long de leurs programmes <br>&#8211; Formation d\u2019une \u00e9quipe de distributeurs <\/cite><\/blockquote>\n\n\n\n<p style=\"color:#ffffff\" class=\"has-text-color\">Mais ce n&rsquo;est pas tout ! Regardez ce que j&rsquo;ai pu faire avant cela &#8230;<\/p>\n\n\n\n<blockquote class=\"wp-block-quote\"><p><strong>B\u00e9n\u00e9vole &#8211; Handicap International <\/strong>D\u00e9cembre 2019<\/p><cite>Missions : <br>&#8211; Op\u00e9ration OPKDO (emballages de cadeaux de No\u00ebl \u00e0 la Fnac Bellecour, Lyon)<br>&#8211; Comptage et tri des fonds r\u00e9colt\u00e9s <\/cite><\/blockquote>\n\n\n\n<p style=\"color:#ffffff\" class=\"has-text-color\">Regardez encore &#8230;<\/p>\n\n\n\n<blockquote class=\"wp-block-quote\"><p><strong>Op\u00e9rateur de saisie &#8211; FCPE du Lyc\u00e9e du Val de Sa\u00f4ne (Tr\u00e9voux, 01) <\/strong>Juillet 2017 et juillet 2018<\/p><cite>Missions : <br>&#8211;  Saisie informatique et gestion de dossiers relatifs \u00e0 la Bourse aux  Livres des \u00e9l\u00e8ves de la Seconde \u00e0 la Terminale <br>&#8211; Gestion des probl\u00e8mes li\u00e9s \u00e0 la saisie et\/ou au dossier papier  <br>&#8211; Classement des dossiers papier <\/cite><\/blockquote>\n\n\n\n<p style=\"color:#ffffff\" class=\"has-text-color\">\u00ab\u00a0Last but not least\u00a0\u00bb comme on dit &#8230;<\/p>\n\n\n\n<blockquote class=\"wp-block-quote\"><p><strong>Stage d&rsquo;observation &#8211; EURL Le Progr\u00e8s <\/strong>F\u00e9vrier 2016<\/p><cite>Missions observ\u00e9es :<br>&#8211;  Interview, conf\u00e9rence de presse, proc\u00e8s en tribunal, d\u00e9monstration  de presse <br>Missions effectu\u00e9es : <br>&#8211; Participation \u00e0 la r\u00e9daction d\u2019article(s) et \u00e0 la mise en page du  journal <\/cite><\/blockquote>\n","protected":false},"excerpt":{"rendered":"<p>Du haut de mes 20 ans, j&rsquo;ai accumul\u00e9 quelques petites exp\u00e9riences professionnelles, qui m&rsquo;ont toutes apport\u00e9 beaucoup de choses, diverses et vari\u00e9es. Jeune mais productive ! Distributeur ind\u00e9pendant &#8211; ItWorks! De juillet 2019 \u00e0 juillet 2020 Missions : &#8211; Promotion et vente de produits de beaut\u00e9 \/ bien-\u00eatre via les r\u00e9seaux sociaux (Instagram, Facebook) et [&hellip;]<\/p>\n","protected":false},"author":1,"featured_media":0,"parent":0,"menu_order":0,"comment_status":"closed","ping_status":"closed","template":"","meta":{"footnotes":""},"_links":{"self":[{"href":"https:\/\/portfolio.juliemouillac.fr\/index.php?rest_route=\/wp\/v2\/pages\/26"}],"collection":[{"href":"https:\/\/portfolio.juliemouillac.fr\/index.php?rest_route=\/wp\/v2\/pages"}],"about":[{"href":"https:\/\/portfolio.juliemouillac.fr\/index.php?rest_route=\/wp\/v2\/types\/page"}],"author":[{"embeddable":true,"href":"https:\/\/portfolio.juliemouillac.fr\/index.php?rest_route=\/wp\/v2\/users\/1"}],"replies":[{"embeddable":true,"href":"https:\/\/portfolio.juliemouillac.fr\/index.php?rest_route=%2Fwp%2Fv2%2Fcomments&post=26"}],"version-history":[{"count":22,"href":"https:\/\/portfolio.juliemouillac.fr\/index.php?rest_route=\/wp\/v2\/pages\/26\/revisions"}],"predecessor-version":[{"id":653,"href":"https:\/\/portfolio.juliemouillac.fr\/index.php?rest_route=\/wp\/v2\/pages\/26\/revisions\/653"}],"wp:attachment":[{"href":"https:\/\/portfolio.juliemouillac.fr\/index.php?rest_route=%2Fwp%2Fv2%2Fmedia&parent=26"}],"curies":[{"name":"wp","href":"https:\/\/api.w.org\/{rel}","templated":true}]}}