{"id":29,"date":"2019-02-28T15:52:34","date_gmt":"2019-02-28T14:52:34","guid":{"rendered":"http:\/\/portfolio.juliemouillac.fr\/?page_id=29"},"modified":"2021-04-11T11:14:34","modified_gmt":"2021-04-11T09:14:34","slug":"mes-projets","status":"publish","type":"page","link":"https:\/\/portfolio.juliemouillac.fr\/?page_id=29","title":{"rendered":"Mes projets"},"content":{"rendered":"\n<p style=\"text-align:center\">Dans le cadre de ma licence de Langues \u00c9trang\u00e8res Appliqu\u00e9es, je pars en mobilit\u00e9 pour l&rsquo;ann\u00e9e 2021-2022 en Italie, \u00e0 l&rsquo;Universit\u00e9 de Bologne. C&rsquo;est un projet dont je r\u00eave depuis de nombreuses ann\u00e9es, et je suis tr\u00e8s fi\u00e8re d&rsquo;avoir l&rsquo;opportunit\u00e9 de le r\u00e9aliser. Gr\u00e2ce \u00e0 cette mobilit\u00e9, je vais pouvoir parfaire ma pratique de la langue italienne, d\u00e9couvrir de nouveaux modes d&rsquo;apprentissage et d&rsquo;enseignement ainsi que de nouveaux modes de vie.<\/p>\n\n\n\n<p><\/p>\n\n\n\n<p style=\"text-align:center\">Suite \u00e0 cette ann\u00e9e en Italie, je reviendrai \u00e0 l&rsquo;iaelyon pour faire ma derni\u00e8re ann\u00e9e de licence de Management et Sciences Humaines, \u00e0 l&rsquo;issue de laquelle j&rsquo;obtiendrai mon double-dipl\u00f4me. <\/p>\n\n\n\n<p style=\"text-align:center\">Ensuite, je ferais un master \u00e0 l&rsquo;iaelyon ou ailleurs, mais je ne sais pas encore lequel exactement. Il y a tellement de possibilit\u00e9s !<\/p>\n\n\n\n<p style=\"color:#ffffff;text-align:center\" class=\"has-text-color\">En fait, j&rsquo;aime aussi le chocolat. Vous pouvez aussi m&rsquo;en envoyer.<\/p>\n\n\n\n<p style=\"text-align:center\">Mon projet professionnel n&rsquo;est pas encore tr\u00e8s clair. J&rsquo;ai du mal \u00e0 me d\u00e9cider sur ce que je souhaite faire, mais je sais une chose : les domaines du marketing et de la communication m&rsquo;attirent \u00e9norm\u00e9ment, surtout s&rsquo;ils ont une dimension internationale !<\/p>\n","protected":false},"excerpt":{"rendered":"<p>Dans le cadre de ma licence de Langues \u00c9trang\u00e8res Appliqu\u00e9es, je pars en mobilit\u00e9 pour l&rsquo;ann\u00e9e 2021-2022 en Italie, \u00e0 l&rsquo;Universit\u00e9 de Bologne. C&rsquo;est un projet dont je r\u00eave depuis de nombreuses ann\u00e9es, et je suis tr\u00e8s fi\u00e8re d&rsquo;avoir l&rsquo;opportunit\u00e9 de le r\u00e9aliser. Gr\u00e2ce \u00e0 cette mobilit\u00e9, je vais pouvoir parfaire ma pratique de la [&hellip;]<\/p>\n","protected":false},"author":1,"featured_media":0,"parent":0,"menu_order":0,"comment_status":"closed","ping_status":"closed","template":"","meta":{"footnotes":""},"_links":{"self":[{"href":"https:\/\/portfolio.juliemouillac.fr\/index.php?rest_route=\/wp\/v2\/pages\/29"}],"collection":[{"href":"https:\/\/portfolio.juliemouillac.fr\/index.php?rest_route=\/wp\/v2\/pages"}],"about":[{"href":"https:\/\/portfolio.juliemouillac.fr\/index.php?rest_route=\/wp\/v2\/types\/page"}],"author":[{"embeddable":true,"href":"https:\/\/portfolio.juliemouillac.fr\/index.php?rest_route=\/wp\/v2\/users\/1"}],"replies":[{"embeddable":true,"href":"https:\/\/portfolio.juliemouillac.fr\/index.php?rest_route=%2Fwp%2Fv2%2Fcomments&post=29"}],"version-history":[{"count":17,"href":"https:\/\/portfolio.juliemouillac.fr\/index.php?rest_route=\/wp\/v2\/pages\/29\/revisions"}],"predecessor-version":[{"id":661,"href":"https:\/\/portfolio.juliemouillac.fr\/index.php?rest_route=\/wp\/v2\/pages\/29\/revisions\/661"}],"wp:attachment":[{"href":"https:\/\/portfolio.juliemouillac.fr\/index.php?rest_route=%2Fwp%2Fv2%2Fmedia&parent=29"}],"curies":[{"name":"wp","href":"https:\/\/api.w.org\/{rel}","templated":true}]}}